{"id":2,"date":"2016-05-10T03:48:21","date_gmt":"2016-05-10T03:48:21","guid":{"rendered":"http:\/\/wp452m.a10-52-158-154.qa.plesk.ru\/wordpress\/?page_id=2"},"modified":"2024-02-23T08:58:23","modified_gmt":"2024-02-23T07:58:23","slug":"sample-page","status":"publish","type":"page","link":"https:\/\/skorikbau.de\/?page_id=2","title":{"rendered":"Das Bauunternehmen SKorik Bau"},"content":{"rendered":"<p>Das Bauunternehmen SKorik BAU ist eine dynamisch entwickelnde Firma, die auf dem Bausektor schon seit 2004 t\u00e4tig ist. Wir bieten unseren Kunden ein umfassendes Service bei Aufbau und Umbau von Bauwerken und Geb\u00e4uden, einschlie\u00dflich der schl\u00fcsselfertigen Lieferungen. Dank unserer Flexibilit\u00e4t, Qualit\u00e4t, Schnelligkeit, Zuverl\u00e4ssigkeit und Komplexit\u00e4t sind wir ein starkes und wettbewerbsf\u00e4higes Bauunternehmen.<\/p>\n<p style=\"text-align: left;\">Das Hauptprofil unserer Firma umfasst Bauarbeiten im Exterieur und Interieur:<br \/>\n\u2022 W\u00e4rmed\u00e4mmung von Wohnungen und H\u00e4usern<br \/>\n\u2022 Verlegen von Pflaster und Fliesen im Exterieur und Interieur<br \/>\n\u2022 Betonpflaster und Z\u00e4une<br \/>\n\u2022 Vormauerziegel<br \/>\n\u2022 Maschinenputz<br \/>\n\u2022 Malerarbeiten im Exterieur und Interieur, Anstriche<br \/>\n\u2022 Gipskarton-Systeme<br \/>\nUnsere Mitarbeiter sind hochqualifizierte Fachleute mit langj\u00e4hrigen praktischen Erfahrungen im Baugewerbe.<\/p>\n","protected":false},"excerpt":{"rendered":"<p>Das Bauunternehmen SKorik BAU ist eine dynamisch entwickelnde Firma, die auf dem Bausektor schon seit 2004 t\u00e4tig ist. Wir bieten unseren Kunden ein umfassendes Service bei Aufbau und Umbau von Bauwerken und Geb\u00e4uden, einschlie\u00dflich der schl\u00fcsselfertigen Lieferungen. Dank unserer Flexibilit\u00e4t, Qualit\u00e4t, Schnelligkeit, Zuverl\u00e4ssigkeit und Komplexit\u00e4t sind wir ein starkes und wettbewerbsf\u00e4higes Bauunternehmen. Das Hauptprofil unserer Firma umfasst Bauarbeiten im Exterieur und Interieur: \u2022 W\u00e4rmed\u00e4mmung von Wohnungen und H\u00e4usern \u2022 Verlegen von Pflaster und Fliesen im Exterieur und Interieur \u2022 Betonpflaster und Z\u00e4une \u2022 Vormauerziegel \u2022 Maschinenputz \u2022 Malerarbeiten im Exterieur und Interieur, Anstriche \u2022 Gipskarton-Systeme Unsere Mitarbeiter sind hochqualifizierte Fachleute&#8230; <\/p>\n","protected":false},"author":1,"featured_media":0,"parent":0,"menu_order":0,"comment_status":"closed","ping_status":"open","template":"blog-post-full-width.php","meta":[],"_links":{"self":[{"href":"https:\/\/skorikbau.de\/index.php?rest_route=\/wp\/v2\/pages\/2"}],"collection":[{"href":"https:\/\/skorikbau.de\/index.php?rest_route=\/wp\/v2\/pages"}],"about":[{"href":"https:\/\/skorikbau.de\/index.php?rest_route=\/wp\/v2\/types\/page"}],"author":[{"embeddable":true,"href":"https:\/\/skorikbau.de\/index.php?rest_route=\/wp\/v2\/users\/1"}],"replies":[{"embeddable":true,"href":"https:\/\/skorikbau.de\/index.php?rest_route=%2Fwp%2Fv2%2Fcomments&post=2"}],"version-history":[{"count":13,"href":"https:\/\/skorikbau.de\/index.php?rest_route=\/wp\/v2\/pages\/2\/revisions"}],"predecessor-version":[{"id":99,"href":"https:\/\/skorikbau.de\/index.php?rest_route=\/wp\/v2\/pages\/2\/revisions\/99"}],"wp:attachment":[{"href":"https:\/\/skorikbau.de\/index.php?rest_route=%2Fwp%2Fv2%2Fmedia&parent=2"}],"curies":[{"name":"wp","href":"https:\/\/api.w.org\/{rel}","templated":true}]}}